{"id":17,"date":"2018-02-05T11:38:23","date_gmt":"2018-02-05T11:38:23","guid":{"rendered":"http:\/\/bridge153.qodeinteractive.com\/?page_id=17"},"modified":"2025-03-16T20:55:30","modified_gmt":"2025-03-16T20:55:30","slug":"about-us","status":"publish","type":"page","link":"https:\/\/tspickleball.si\/sl\/about-us\/","title":{"rendered":"O nas"},"content":{"rendered":"<div      class=\"vc_row wpb_row section vc_row-fluid  vc_custom_1517997951466 grid_section\" style=' text-align:left;'><div class=\"section_inner clearfix\"><div class='section_inner_margin clearfix'><div class=\"wpb_column vc_column_container vc_col-sm-12\"><div class=\"vc_column-inner\"><div class=\"wpb_wrapper\"><div      class=\"vc_row wpb_row section vc_row-fluid vc_inner  grid_section\" style=' text-align:left;'><div class=\"section_inner clearfix\"><div class='section_inner_margin clearfix'><div class=\"wpb_column vc_column_container vc_col-sm-12 vc_col-lg-6 vc_col-md-12\"><div class=\"vc_column-inner\"><div class=\"wpb_wrapper\">\n\t<div class=\"wpb_single_image wpb_content_element vc_align_right\">\n\t\t<div class=\"wpb_wrapper\">\n\t\t\t\n\t\t\t<div class=\"vc_single_image-wrapper   vc_box_border_grey\"><img loading=\"lazy\" decoding=\"async\" width=\"613\" height=\"682\" src=\"https:\/\/tspickleball.si\/wp-content\/uploads\/2024\/12\/stolica-pickleball.jpg\" class=\"vc_single_image-img attachment-full\" alt=\"\" srcset=\"https:\/\/tspickleball.si\/wp-content\/uploads\/2024\/12\/stolica-pickleball.jpg 613w, https:\/\/tspickleball.si\/wp-content\/uploads\/2024\/12\/stolica-pickleball-270x300.jpg 270w\" sizes=\"auto, (max-width: 613px) 100vw, 613px\" \/><\/div>\n\t\t<\/div>\n\t<\/div>\n<\/div><\/div><\/div><div class=\"wpb_column vc_column_container vc_col-sm-12 vc_col-lg-6 vc_col-md-12\"><div class=\"vc_column-inner\"><div class=\"wpb_wrapper\"><div class='q_elements_holder one_column responsive_mode_from_768' ><div class='q_elements_item  data-1024-1280='25px 0 0' data-animation =\"no\" data-item-class='q_elements_holder_custom_437044'><div class='q_elements_item_inner'><div class='q_elements_item_content q_elements_holder_custom_437044' style='padding:20px 0 0 0'>\n\t<div class=\"wpb_text_column wpb_content_element\">\n\t\t<div class=\"wpb_wrapper\">\n\t\t\t<h2><span class='highlight' style='color: #010101; background-color:transparent;'>Za\u010dni<\/span> Tvoj Pickleball z Nami.<\/h2>\n\n\t\t<\/div> \n\t<\/div> \t<div class=\"vc_empty_space\"  style=\"height: 52px\" ><span\n\t\t\tclass=\"vc_empty_space_inner\">\n\t\t\t<span class=\"empty_space_image\"  ><\/span>\n\t\t<\/span><\/div>\n\n\n\t<div class=\"wpb_text_column wpb_content_element\">\n\t\t<div class=\"wpb_wrapper\">\n\t\t\t<p><b>Na\u0161a misija<\/b><\/p>\n<p><span style=\"font-weight: 400;\">V TSPickleball smo strastni pri \u0161irjenju ljubezni do pickleballa. Na\u0161 cilj je ustvariti uspe\u0161no pickleball skupnost tukaj v Ljubljani, kjer bodo tako doma\u010dini kot turisti u\u017eivali v igri, u\u010denju in rasti skupaj. Ne glede na to, ali ste turist, ki i\u0161\u010de razburljivo aktivnost, ali doma\u010din, ki si \u017eeli preizkusiti nekaj novega, imamo nekaj za vas \u2013 vklju\u010dno s pickleballom za otroke! <\/span><b>pickleball for kids<\/b><span style=\"font-weight: 400;\">Verjamemo, da je pickleball odli\u010den na\u010din za otroke, da postanejo aktivni, se nau\u010dijo dragocenih ve\u0161\u010din in se zabavajo s prijatelji.<\/span><\/p>\n<p>&nbsp;<\/p>\n\n\t\t<\/div> \n\t<\/div> <\/div><\/div><\/div><\/div><\/div><\/div><\/div><\/div><\/div><\/div><\/div><\/div><\/div><\/div><\/div><\/div><div      class=\"vc_row wpb_row section vc_row-fluid  grid_section\" style=' text-align:left;'><div class=\"section_inner clearfix\"><div class='section_inner_margin clearfix'><div class=\"wpb_column vc_column_container vc_col-sm-12\"><div class=\"vc_column-inner\"><div class=\"wpb_wrapper\"><div      class=\"vc_row wpb_row section vc_row-fluid vc_inner  vc_custom_1736864392139\" style=' text-align:left;'><div class=\"full_section_inner clearfix\"><div class=\"wpb_column vc_column_container vc_col-sm-12\"><div class=\"vc_column-inner\"><div class=\"wpb_wrapper\">\n\t<div class=\"wpb_text_column wpb_content_element\">\n\t\t<div class=\"wpb_wrapper\">\n\t\t\t<h1 style=\"text-align: center;\"><span class='highlight' style='color: #010101; background-color:transparent;'>Spoznajte trenerje <\/span><\/h1>\n\n\t\t<\/div> \n\t<\/div> \t<div class=\"vc_empty_space\"  style=\"height: 32px\" ><span\n\t\t\tclass=\"vc_empty_space_inner\">\n\t\t\t<span class=\"empty_space_image\"  ><\/span>\n\t\t<\/span><\/div>\n\n<\/div><\/div><\/div><\/div><\/div><div      class=\"vc_row wpb_row section vc_row-fluid vc_inner  grid_section\" style=' text-align:left;'><div class=\"section_inner clearfix\"><div class='section_inner_margin clearfix'><div class=\"wpb_column vc_column_container vc_col-sm-12\"><div class=\"vc_column-inner\"><div class=\"wpb_wrapper\"><div class='q_elements_holder one_column responsive_mode_from_768' ><div class='q_elements_item  data-animation='no' data-item-class='q_elements_holder_custom_227191'><div class='q_elements_item_inner'><div class='q_elements_item_content q_elements_holder_custom_227191'>\n\t<div class=\"wpb_text_column wpb_content_element\">\n\t\t<div class=\"wpb_wrapper\">\n\t\t\t<p>Teodora in Sandra izvirata iz Srbije, vendar sta pre\u017eiveli 18 let v ZDA, kjer sta igrali profesionalni tenis, obe pa sta ve\u010d kot 10 let trenirali na presti\u017enem dr\u017eavnem klubu. V zadnjih dveh poletjih je Teodora imela prilo\u017enost sodelovati z vrhunskimi pickleball profesionalci, kot sta Colin Jones in Dekel Bar, med pickleball izleti. Z obse\u017enimi izku\u0161njami pri delu z otroki in odraslimi sta sestri strastni pri tem, da pickleball postane dostopen vsem starostnim skupinam. Kot nekdanji \u0161portnici Divizije 1 in ambasadorki globalnih pickleball blagovnih znamk, prina\u0161ata bogate izku\u0161nje tako v tekmovalni igri kot v treniranju. Po tem, ko sta leta 2018 uvedli pickleball na svojem dr\u017eavnem klubu, sta navdu\u0161eni, da svojo ljubezen do \u0161porta prina\u0161ata v Ljubljano, z namenom ustvariti tako majhne kot velike pickleball legende.<\/p>\n\n\t\t<\/div> \n\t<\/div> <\/div><\/div><\/div><\/div>\t<div class=\"vc_empty_space\"  style=\"height: 32px\" ><span\n\t\t\tclass=\"vc_empty_space_inner\">\n\t\t\t<span class=\"empty_space_image\"  ><\/span>\n\t\t<\/span><\/div>\n\n<\/div><\/div><\/div><\/div><\/div><\/div><\/div><\/div><\/div><\/div><\/div><\/div><div      class=\"vc_row wpb_row section vc_row-fluid  vc_custom_1736864281634 grid_section\" style=' text-align:left;'><div class=\"section_inner clearfix\"><div class='section_inner_margin clearfix'><div class=\"wpb_column vc_column_container vc_col-sm-6\"><div class=\"vc_column-inner\"><div class=\"wpb_wrapper\">\n\t<div class=\"wpb_single_image wpb_content_element vc_align_right\">\n\t\t<div class=\"wpb_wrapper\">\n\t\t\t\n\t\t\t<div class=\"vc_single_image-wrapper   vc_box_border_grey\"><img loading=\"lazy\" decoding=\"async\" width=\"800\" height=\"800\" src=\"https:\/\/tspickleball.si\/wp-content\/uploads\/2024\/12\/tea2.jpg\" class=\"vc_single_image-img attachment-full\" alt=\"\" srcset=\"https:\/\/tspickleball.si\/wp-content\/uploads\/2024\/12\/tea2.jpg 800w, https:\/\/tspickleball.si\/wp-content\/uploads\/2024\/12\/tea2-300x300.jpg 300w, https:\/\/tspickleball.si\/wp-content\/uploads\/2024\/12\/tea2-150x150.jpg 150w, https:\/\/tspickleball.si\/wp-content\/uploads\/2024\/12\/tea2-768x768.jpg 768w, https:\/\/tspickleball.si\/wp-content\/uploads\/2024\/12\/tea2-570x570.jpg 570w, https:\/\/tspickleball.si\/wp-content\/uploads\/2024\/12\/tea2-500x500.jpg 500w, https:\/\/tspickleball.si\/wp-content\/uploads\/2024\/12\/tea2-700x700.jpg 700w\" sizes=\"auto, (max-width: 800px) 100vw, 800px\" \/><\/div>\n\t\t<\/div>\n\t<\/div>\n\t<div class=\"vc_empty_space\"  style=\"height: 32px\" ><span\n\t\t\tclass=\"vc_empty_space_inner\">\n\t\t\t<span class=\"empty_space_image\"  ><\/span>\n\t\t<\/span><\/div>\n\n<\/div><\/div><\/div><div class=\"wpb_column vc_column_container vc_col-sm-6\"><div class=\"vc_column-inner\"><div class=\"wpb_wrapper\"><div class='q_elements_holder one_column responsive_mode_from_768' ><div class='q_elements_item  data-animation='no' data-item-class='q_elements_holder_custom_267812'><div class='q_elements_item_inner'><div class='q_elements_item_content q_elements_holder_custom_267812'>\n\t<div class=\"wpb_text_column wpb_content_element\">\n\t\t<div class=\"wpb_wrapper\">\n\t\t\t<h1><span class='highlight' style='color: #010101; background-color:transparent;'>Teodora<\/span> Zonich<\/h1>\n\n\t\t<\/div> \n\t<\/div> \t<div class=\"vc_empty_space\"  style=\"height: 32px\" ><span\n\t\t\tclass=\"vc_empty_space_inner\">\n\t\t\t<span class=\"empty_space_image\"  ><\/span>\n\t\t<\/span><\/div>\n\n\n\t<div class=\"wpb_text_column wpb_content_element\">\n\t\t<div class=\"wpb_wrapper\">\n\t\t\t<h3>\u017divjo, sem Tea<\/h3>\n\n\t\t<\/div> \n\t<\/div> \n\t<div class=\"wpb_text_column wpb_content_element\">\n\t\t<div class=\"wpb_wrapper\">\n\t\t\t<p>Sem trenerka tenisa, ki sem postala navdu\u0161enka nad pickleballom, z ve\u010d kot desetletjem izku\u0161enj pri treniranju. Izviram iz Srbije, a sem pre\u017eivela 18 let v ZDA, kjer sem odkrila svojo strast do pickleballa. Leta 2018 sem uvedla ta \u0161port na dr\u017eavnem klubu, kjer sem trenirala, in pomagala sem, da je postal ena najbolj\u0161ih pickleball destinacij v Houstonu. Skupaj s sestro Sandro imam misijo, da prinesem pickleball v Ljubljano. Na\u0161 cilj je, da ta razburljiv \u0161port postane dostopen vsem ter ustvarimo \u017eivahno, vklju\u010dujo\u010do pickleball skupnost v mestu.<\/p>\n<p>Ko nisem na igri\u0161\u010du, potujem, spoznavam nove ljudi in u\u017eivam \u017eivljenje kot ponosna mama dveh otrok. Navdu\u0161ena sem, da lahko delim svojo ljubezen do pickleballa in pomagam, da Ljubljana postane aktivno in dinami\u010dno mesto.<\/p>\n\n\t\t<\/div> \n\t<\/div> <span class='q_social_icon_holder circle_social' ><a itemprop='url' href='https:\/\/www.instagram.com\/teazonich\/profilecard\/?igsh=MWg4cGJ0cWx5Z24ycQ==' target='_self'><span class='fa-stack fa-lg' style=''><i class=\"qode_icon_font_awesome fa fa-instagram\" style=\"\" ><\/i><\/span><\/a><\/span><\/div><\/div><\/div><\/div>\t<div class=\"vc_empty_space\"  style=\"height: 32px\" ><span\n\t\t\tclass=\"vc_empty_space_inner\">\n\t\t\t<span class=\"empty_space_image\"  ><\/span>\n\t\t<\/span><\/div>\n\n<\/div><\/div><\/div><\/div><\/div><\/div><div      class=\"vc_row wpb_row section vc_row-fluid  vc_custom_1736864299619 grid_section\" style=' text-align:left;'><div class=\"section_inner clearfix\"><div class='section_inner_margin clearfix'><div class=\"wpb_column vc_column_container vc_col-sm-6\"><div class=\"vc_column-inner\"><div class=\"wpb_wrapper\"><div class='q_elements_holder one_column responsive_mode_from_768' ><div class='q_elements_item  data-animation='no' data-item-class='q_elements_holder_custom_317697'><div class='q_elements_item_inner'><div class='q_elements_item_content q_elements_holder_custom_317697'>\n\t<div class=\"wpb_text_column wpb_content_element\">\n\t\t<div class=\"wpb_wrapper\">\n\t\t\t<h1 style=\"text-align: right;\"><span class='highlight' style='color: #010101; background-color:transparent;'>Sandra<\/span> Spirta<\/h1>\n\n\t\t<\/div> \n\t<\/div> \t<div class=\"vc_empty_space\"  style=\"height: 32px\" ><span\n\t\t\tclass=\"vc_empty_space_inner\">\n\t\t\t<span class=\"empty_space_image\"  ><\/span>\n\t\t<\/span><\/div>\n\n\n\t<div class=\"wpb_text_column wpb_content_element\">\n\t\t<div class=\"wpb_wrapper\">\n\t\t\t<h3>\u017divjo, sem Sandra<\/h3>\n\n\t\t<\/div> \n\t<\/div> \n\t<div class=\"wpb_text_column wpb_content_element\">\n\t\t<div class=\"wpb_wrapper\">\n\t\t\t<p>Moja \u0161portna pot se je za\u010dela v Srbiji, kjer sem pri \u0161estih letih prvi\u010d prijela teni\u0161ki lopar in hitro odkrila svojo strast do igre. Pri desetih, dvanajstih in \u0161tirinajstih letih sem bila ponosna nosilka prvega mesta v svoji kategoriji.<br \/>\nNekaj let kasneje sem se preselila v Zdru\u017eene dr\u017eave Amerike, kjer sem \u017eivela ve\u010d kot 15 let. Uspe\u0161no sem igrala tenis na univerzitetni ravni (Division I), nato pa sem svoje znanje prenesla v presti\u017eni Houston Country Club, kjer sem delala kot teni\u0161ka trenerka. Prav tam sem odkrila pickleball \u2013 \u0161port, ki me je takoj navdu\u0161il. Moje navdu\u0161enje nad pickleballom je bilo nalezljivo in kmalu sem ga za\u010dela u\u010diti tudi druge.<br \/>\nLeta 2019 smo se z dru\u017eino preselili v \u010dudovito Slovenijo. Dejstvo, da je pickleball postal najhitreje rasto\u010di \u0161port v ZDA, me je navdihnilo, da to izjemno igro predstavim Ljubljani in njeni \u017eivahni skupnosti. Trdno verjamem, da je pickleball \u0161port za vsakogar \u2013 ne glede na starost ali izku\u0161nje. Z velikim navdu\u0161enjem delim veselje in povezanost, ki ju pickleball prina\u0161a, z vsakim, ki ga sre\u010dam na igri\u0161\u010du!<\/p>\n\n\t\t<\/div> \n\t<\/div> <span class='q_social_icon_holder circle_social' ><a itemprop='url' href='https:\/\/www.instagram.com\/sandraspirta\/profilecard\/?igsh=MWF2dXRtNnY2a3JpNQ==' target='_self'><span class='fa-stack fa-lg' style=''><i class=\"qode_icon_font_awesome fa fa-instagram\" style=\"\" ><\/i><\/span><\/a><\/span><\/div><\/div><\/div><\/div><\/div><\/div><\/div><div class=\"wpb_column vc_column_container vc_col-sm-6\"><div class=\"vc_column-inner\"><div class=\"wpb_wrapper\">\n\t<div class=\"wpb_single_image wpb_content_element vc_align_left\">\n\t\t<div class=\"wpb_wrapper\">\n\t\t\t\n\t\t\t<div class=\"vc_single_image-wrapper   vc_box_border_grey\"><img loading=\"lazy\" decoding=\"async\" width=\"800\" height=\"800\" src=\"https:\/\/tspickleball.si\/wp-content\/uploads\/2024\/12\/sandra3.jpg\" class=\"vc_single_image-img attachment-large\" alt=\"\" srcset=\"https:\/\/tspickleball.si\/wp-content\/uploads\/2024\/12\/sandra3.jpg 800w, https:\/\/tspickleball.si\/wp-content\/uploads\/2024\/12\/sandra3-300x300.jpg 300w, https:\/\/tspickleball.si\/wp-content\/uploads\/2024\/12\/sandra3-150x150.jpg 150w, https:\/\/tspickleball.si\/wp-content\/uploads\/2024\/12\/sandra3-768x768.jpg 768w, https:\/\/tspickleball.si\/wp-content\/uploads\/2024\/12\/sandra3-570x570.jpg 570w, https:\/\/tspickleball.si\/wp-content\/uploads\/2024\/12\/sandra3-500x500.jpg 500w, https:\/\/tspickleball.si\/wp-content\/uploads\/2024\/12\/sandra3-700x700.jpg 700w\" sizes=\"auto, (max-width: 800px) 100vw, 800px\" \/><\/div>\n\t\t<\/div>\n\t<\/div>\n\t<div class=\"vc_empty_space\"  style=\"height: 32px\" ><span\n\t\t\tclass=\"vc_empty_space_inner\">\n\t\t\t<span class=\"empty_space_image\"  ><\/span>\n\t\t<\/span><\/div>\n\n<\/div><\/div><\/div><\/div><\/div><\/div><section      data-speed=\"1\" class=\"parallax_section_holder\" style = \" height:666px; background-image:url('https:\/\/tspickleball.si\/wp-content\/uploads\/2025\/01\/cetvoro-taman.jpg');\"><div class=\"parallax_content left\"><div class='parallax_section_inner_margin clearfix'><div class=\"wpb_column vc_column_container vc_col-sm-12\"><div class=\"vc_column-inner\"><div class=\"wpb_wrapper\"><div class='q_elements_holder one_column responsive_mode_from_768' ><div class='q_elements_item  data-animation='no' data-item-class='q_elements_holder_custom_350439' style='text-align:center;'><div class='q_elements_item_inner'><div class='q_elements_item_content q_elements_holder_custom_350439' style='padding:276px 0 276px 0'><\/div><\/div><\/div><\/div><\/div><\/div><\/div><\/div><\/div><\/section><div      class=\"vc_row wpb_row section vc_row-fluid  vc_custom_1741616299411 grid_section\" style=' text-align:left;'><div class=\"section_inner clearfix\"><div class='section_inner_margin clearfix'><div class=\"wpb_column vc_column_container vc_col-sm-12\"><div class=\"vc_column-inner\"><div class=\"wpb_wrapper\">\n\t<div class=\"wpb_text_column wpb_content_element  custom-text-block vc_custom_1740417426875\">\n\t\t<div class=\"wpb_wrapper\">\n\t\t\t<h2 style=\"text-align: center;\">Na\u0161a vizija<\/h2>\n\n\t\t<\/div> \n\t<\/div> <div class='testimonials_holder clearfix'><div class=\"testimonials testimonials_carousel\" data-show-navigation=\"no\" data-animation-type=\"fade\" data-animation-speed=\"1000\" data-auto-rotate-slides=\"3\" data-number-per-slide=\"1\"><ul class=\"slides\"><li id=\"testimonials158\" class=\"testimonial_content\"><div class=\"testimonial_content_inner\"><div class=\"testimonial_image_holder\"><img decoding=\"async\" itemprop=\"image\" src=\"https:\/\/tspickleball.si\/wp-content\/uploads\/2018\/02\/quote.png\" \/><\/div><div class=\"testimonial_text_holder\"><div class=\"testimonial_text_inner\" style=\"color: #888888;\"><p style='font-size:18px;color:#888888;'>Na\u0161a vizija je narediti pickleball dostopen in zabaven \u0161port za vse v Ljubljani. \u017delimo ustvariti \u017eivahno skupnost, kjer se ljudje vseh starosti zdru\u017eujejo, da igrajo, ostanejo aktivni in se pove\u017eejo. Kot pionirji pickleballa v Sloveniji smo zavezani k ustvarjanju vklju\u010dujo\u010dega okolja, kjer bo ta \u0161port rasel in uspeval \u0161e vrsto let.<\/p><p class=\"testimonial_author\" style=\"color: #888888;font-weight: 600;color: #000000;font-size: 16px;\"><i>T&amp;S PICKLEBALL<\/i><\/p><\/div><\/div><\/div><\/li><\/ul><\/div><\/div><\/div><\/div><\/div><\/div><\/div><\/div>","protected":false},"excerpt":{"rendered":"","protected":false},"author":1,"featured_media":0,"parent":0,"menu_order":0,"comment_status":"closed","ping_status":"closed","template":"full_width.php","meta":{"footnotes":""},"class_list":["post-17","page","type-page","status-publish","hentry"],"yoast_head":"<!-- This site is optimized with the Yoast SEO plugin v25.1 - https:\/\/yoast.com\/wordpress\/plugins\/seo\/ -->\n<title>About Us - Pickleball Ljubljana Slovenia<\/title>\n<meta name=\"description\" content=\"Join our vibrant community and be part of the exciting journey ahead. Whether you\u2019re here to play,learn, or compete, there\u2019s a place for you..\" \/>\n<meta name=\"robots\" content=\"index, follow, max-snippet:-1, max-image-preview:large, max-video-preview:-1\" \/>\n<link rel=\"canonical\" href=\"https:\/\/tspickleball.si\/sl\/about-us\/\" \/>\n<meta property=\"og:locale\" content=\"sl_SI\" \/>\n<meta property=\"og:type\" content=\"article\" \/>\n<meta property=\"og:title\" content=\"About Us - Pickleball Ljubljana Slovenia\" \/>\n<meta property=\"og:description\" content=\"Join our vibrant community and be part of the exciting journey ahead. Whether you\u2019re here to play,learn, or compete, there\u2019s a place for you..\" \/>\n<meta property=\"og:url\" content=\"https:\/\/tspickleball.si\/sl\/about-us\/\" \/>\n<meta property=\"og:site_name\" content=\"Pickleball Ljubljana Slovenia\" \/>\n<meta property=\"article:modified_time\" content=\"2025-03-16T20:55:30+00:00\" \/>\n<meta name=\"twitter:card\" content=\"summary_large_image\" \/>\n<meta name=\"twitter:label1\" content=\"Est. reading time\" \/>\n\t<meta name=\"twitter:data1\" content=\"4 minute\" \/>\n<script type=\"application\/ld+json\" class=\"yoast-schema-graph\">{\"@context\":\"https:\/\/schema.org\",\"@graph\":[{\"@type\":\"WebPage\",\"@id\":\"https:\/\/tspickleball.si\/about-us\/\",\"url\":\"https:\/\/tspickleball.si\/about-us\/\",\"name\":\"About Us - Pickleball Ljubljana Slovenia\",\"isPartOf\":{\"@id\":\"https:\/\/tspickleball.si\/#website\"},\"datePublished\":\"2018-02-05T11:38:23+00:00\",\"dateModified\":\"2025-03-16T20:55:30+00:00\",\"description\":\"Join our vibrant community and be part of the exciting journey ahead. Whether you\u2019re here to play,learn, or compete, there\u2019s a place for you..\",\"breadcrumb\":{\"@id\":\"https:\/\/tspickleball.si\/about-us\/#breadcrumb\"},\"inLanguage\":\"sl-SI\",\"potentialAction\":[{\"@type\":\"ReadAction\",\"target\":[\"https:\/\/tspickleball.si\/about-us\/\"]}]},{\"@type\":\"BreadcrumbList\",\"@id\":\"https:\/\/tspickleball.si\/about-us\/#breadcrumb\",\"itemListElement\":[{\"@type\":\"ListItem\",\"position\":1,\"name\":\"Home\",\"item\":\"https:\/\/tspickleball.si\/\"},{\"@type\":\"ListItem\",\"position\":2,\"name\":\"About Us\"}]},{\"@type\":\"WebSite\",\"@id\":\"https:\/\/tspickleball.si\/#website\",\"url\":\"https:\/\/tspickleball.si\/\",\"name\":\"tspickleball.si\",\"description\":\"\",\"publisher\":{\"@id\":\"https:\/\/tspickleball.si\/#organization\"},\"potentialAction\":[{\"@type\":\"SearchAction\",\"target\":{\"@type\":\"EntryPoint\",\"urlTemplate\":\"https:\/\/tspickleball.si\/?s={search_term_string}\"},\"query-input\":{\"@type\":\"PropertyValueSpecification\",\"valueRequired\":true,\"valueName\":\"search_term_string\"}}],\"inLanguage\":\"sl-SI\"},{\"@type\":\"Organization\",\"@id\":\"https:\/\/tspickleball.si\/#organization\",\"name\":\"TS Pickleball Ljubljana Slovenia\",\"url\":\"https:\/\/tspickleball.si\/\",\"logo\":{\"@type\":\"ImageObject\",\"inLanguage\":\"sl-SI\",\"@id\":\"https:\/\/tspickleball.si\/#\/schema\/logo\/image\/\",\"url\":\"https:\/\/tspickleball.si\/wp-content\/uploads\/2024\/11\/Logo-TS-Front-1-svg400.png\",\"contentUrl\":\"https:\/\/tspickleball.si\/wp-content\/uploads\/2024\/11\/Logo-TS-Front-1-svg400.png\",\"width\":400,\"height\":400,\"caption\":\"TS Pickleball Ljubljana Slovenia\"},\"image\":{\"@id\":\"https:\/\/tspickleball.si\/#\/schema\/logo\/image\/\"}}]}<\/script>\n<!-- \/ Yoast SEO plugin. -->","yoast_head_json":{"title":"About Us - Pickleball Ljubljana Slovenia","description":"Join our vibrant community and be part of the exciting journey ahead. Whether you\u2019re here to play,learn, or compete, there\u2019s a place for you..","robots":{"index":"index","follow":"follow","max-snippet":"max-snippet:-1","max-image-preview":"max-image-preview:large","max-video-preview":"max-video-preview:-1"},"canonical":"https:\/\/tspickleball.si\/sl\/about-us\/","og_locale":"sl_SI","og_type":"article","og_title":"About Us - Pickleball Ljubljana Slovenia","og_description":"Join our vibrant community and be part of the exciting journey ahead. Whether you\u2019re here to play,learn, or compete, there\u2019s a place for you..","og_url":"https:\/\/tspickleball.si\/sl\/about-us\/","og_site_name":"Pickleball Ljubljana Slovenia","article_modified_time":"2025-03-16T20:55:30+00:00","twitter_card":"summary_large_image","twitter_misc":{"Est. reading time":"4 minute"},"schema":{"@context":"https:\/\/schema.org","@graph":[{"@type":"WebPage","@id":"https:\/\/tspickleball.si\/about-us\/","url":"https:\/\/tspickleball.si\/about-us\/","name":"About Us - Pickleball Ljubljana Slovenia","isPartOf":{"@id":"https:\/\/tspickleball.si\/#website"},"datePublished":"2018-02-05T11:38:23+00:00","dateModified":"2025-03-16T20:55:30+00:00","description":"Join our vibrant community and be part of the exciting journey ahead. Whether you\u2019re here to play,learn, or compete, there\u2019s a place for you..","breadcrumb":{"@id":"https:\/\/tspickleball.si\/about-us\/#breadcrumb"},"inLanguage":"sl-SI","potentialAction":[{"@type":"ReadAction","target":["https:\/\/tspickleball.si\/about-us\/"]}]},{"@type":"BreadcrumbList","@id":"https:\/\/tspickleball.si\/about-us\/#breadcrumb","itemListElement":[{"@type":"ListItem","position":1,"name":"Home","item":"https:\/\/tspickleball.si\/"},{"@type":"ListItem","position":2,"name":"About Us"}]},{"@type":"WebSite","@id":"https:\/\/tspickleball.si\/#website","url":"https:\/\/tspickleball.si\/","name":"tspickleball.si","description":"","publisher":{"@id":"https:\/\/tspickleball.si\/#organization"},"potentialAction":[{"@type":"SearchAction","target":{"@type":"EntryPoint","urlTemplate":"https:\/\/tspickleball.si\/?s={search_term_string}"},"query-input":{"@type":"PropertyValueSpecification","valueRequired":true,"valueName":"search_term_string"}}],"inLanguage":"sl-SI"},{"@type":"Organization","@id":"https:\/\/tspickleball.si\/#organization","name":"TS Pickleball Ljubljana Slovenia","url":"https:\/\/tspickleball.si\/","logo":{"@type":"ImageObject","inLanguage":"sl-SI","@id":"https:\/\/tspickleball.si\/#\/schema\/logo\/image\/","url":"https:\/\/tspickleball.si\/wp-content\/uploads\/2024\/11\/Logo-TS-Front-1-svg400.png","contentUrl":"https:\/\/tspickleball.si\/wp-content\/uploads\/2024\/11\/Logo-TS-Front-1-svg400.png","width":400,"height":400,"caption":"TS Pickleball Ljubljana Slovenia"},"image":{"@id":"https:\/\/tspickleball.si\/#\/schema\/logo\/image\/"}}]}},"_links":{"self":[{"href":"https:\/\/tspickleball.si\/sl\/wp-json\/wp\/v2\/pages\/17","targetHints":{"allow":["GET"]}}],"collection":[{"href":"https:\/\/tspickleball.si\/sl\/wp-json\/wp\/v2\/pages"}],"about":[{"href":"https:\/\/tspickleball.si\/sl\/wp-json\/wp\/v2\/types\/page"}],"author":[{"embeddable":true,"href":"https:\/\/tspickleball.si\/sl\/wp-json\/wp\/v2\/users\/1"}],"replies":[{"embeddable":true,"href":"https:\/\/tspickleball.si\/sl\/wp-json\/wp\/v2\/comments?post=17"}],"version-history":[{"count":29,"href":"https:\/\/tspickleball.si\/sl\/wp-json\/wp\/v2\/pages\/17\/revisions"}],"predecessor-version":[{"id":2854,"href":"https:\/\/tspickleball.si\/sl\/wp-json\/wp\/v2\/pages\/17\/revisions\/2854"}],"wp:attachment":[{"href":"https:\/\/tspickleball.si\/sl\/wp-json\/wp\/v2\/media?parent=17"}],"curies":[{"name":"wp","href":"https:\/\/api.w.org\/{rel}","templated":true}]}}